{"id":33,"date":"2014-02-08T10:31:12","date_gmt":"2014-02-08T10:31:12","guid":{"rendered":"http:\/\/blog.marina-kraus.de\/?page_id=33"},"modified":"2014-02-23T09:17:41","modified_gmt":"2014-02-23T09:17:41","slug":"marina-welt","status":"publish","type":"page","link":"http:\/\/blog.marina-kraus.de\/?page_id=33","title":{"rendered":"Marinas Welt"},"content":{"rendered":"<p>Lernen Sie mich hier von meiner pers\u00f6nlichen Seite kennen. Womit ich mich besch\u00e4ftige, wenn ich nicht Texte korrigiere oder schreibe, k\u00f6nnen Sie in <a title=\"Marinas Welt\" href=\"http:\/\/www.marina-kraus.de\/Marinas_Welt\" target=\"_blank\">Marinas Welt<\/a> lesen und mitverfolgen. Vielleicht haben wir ja \u00e4hnliche Interessen&#8230;<\/p>\n","protected":false},"excerpt":{"rendered":"<p>Lernen Sie mich hier von meiner pers\u00f6nlichen Seite kennen. Womit ich mich besch\u00e4ftige, wenn ich nicht Texte korrigiere oder schreibe, k\u00f6nnen Sie in Marinas Welt lesen und mitverfolgen. Vielleicht haben wir ja \u00e4hnliche Interessen&#8230;<\/p>\n","protected":false},"author":1,"featured_media":0,"parent":0,"menu_order":4,"comment_status":"open","ping_status":"open","template":"","meta":{"footnotes":""},"class_list":["post-33","page","type-page","status-publish","hentry"],"_links":{"self":[{"href":"http:\/\/blog.marina-kraus.de\/index.php?rest_route=\/wp\/v2\/pages\/33","targetHints":{"allow":["GET"]}}],"collection":[{"href":"http:\/\/blog.marina-kraus.de\/index.php?rest_route=\/wp\/v2\/pages"}],"about":[{"href":"http:\/\/blog.marina-kraus.de\/index.php?rest_route=\/wp\/v2\/types\/page"}],"author":[{"embeddable":true,"href":"http:\/\/blog.marina-kraus.de\/index.php?rest_route=\/wp\/v2\/users\/1"}],"replies":[{"embeddable":true,"href":"http:\/\/blog.marina-kraus.de\/index.php?rest_route=%2Fwp%2Fv2%2Fcomments&post=33"}],"version-history":[{"count":3,"href":"http:\/\/blog.marina-kraus.de\/index.php?rest_route=\/wp\/v2\/pages\/33\/revisions"}],"predecessor-version":[{"id":54,"href":"http:\/\/blog.marina-kraus.de\/index.php?rest_route=\/wp\/v2\/pages\/33\/revisions\/54"}],"wp:attachment":[{"href":"http:\/\/blog.marina-kraus.de\/index.php?rest_route=%2Fwp%2Fv2%2Fmedia&parent=33"}],"curies":[{"name":"wp","href":"https:\/\/api.w.org\/{rel}","templated":true}]}}