{"id":30,"date":"2014-01-27T17:37:42","date_gmt":"2014-01-27T17:37:42","guid":{"rendered":"http:\/\/blog.marina-kraus.de\/?page_id=30"},"modified":"2014-02-04T12:10:29","modified_gmt":"2014-02-04T12:10:29","slug":"die-freiberuflerin","status":"publish","type":"page","link":"http:\/\/blog.marina-kraus.de\/?page_id=30","title":{"rendered":"Die Freiberuflerin"},"content":{"rendered":"<p>Ich bin als Freiberuflerin in folgenden Bereichen t\u00e4tig und unterst\u00fctze Sie dort gerne.<\/p>\n<ul>\n<li>Lektorat &amp; Korrektorat<\/li>\n<li>Texterstellung<\/li>\n<li>\u00dcbersetzung<\/li>\n<\/ul>\n<p>Weitere Informationen erhalten Sie in K\u00fcrze auf meiner Homepage oder Sie kontaktieren mich einfach unter info(at)marina-kraus.de<\/p>\n<p>Ich freue mich von Ihnen zu h\u00f6ren.<\/p>\n","protected":false},"excerpt":{"rendered":"<p>Ich bin als Freiberuflerin in folgenden Bereichen t\u00e4tig und unterst\u00fctze Sie dort gerne. Lektorat &amp; Korrektorat Texterstellung \u00dcbersetzung Weitere Informationen erhalten Sie in K\u00fcrze auf meiner Homepage oder Sie kontaktieren mich einfach unter info(at)marina-kraus.de Ich freue mich von Ihnen zu h\u00f6ren.<\/p>\n","protected":false},"author":1,"featured_media":0,"parent":0,"menu_order":3,"comment_status":"open","ping_status":"open","template":"","meta":{"footnotes":""},"class_list":["post-30","page","type-page","status-publish","hentry"],"_links":{"self":[{"href":"http:\/\/blog.marina-kraus.de\/index.php?rest_route=\/wp\/v2\/pages\/30","targetHints":{"allow":["GET"]}}],"collection":[{"href":"http:\/\/blog.marina-kraus.de\/index.php?rest_route=\/wp\/v2\/pages"}],"about":[{"href":"http:\/\/blog.marina-kraus.de\/index.php?rest_route=\/wp\/v2\/types\/page"}],"author":[{"embeddable":true,"href":"http:\/\/blog.marina-kraus.de\/index.php?rest_route=\/wp\/v2\/users\/1"}],"replies":[{"embeddable":true,"href":"http:\/\/blog.marina-kraus.de\/index.php?rest_route=%2Fwp%2Fv2%2Fcomments&post=30"}],"version-history":[{"count":3,"href":"http:\/\/blog.marina-kraus.de\/index.php?rest_route=\/wp\/v2\/pages\/30\/revisions"}],"predecessor-version":[{"id":38,"href":"http:\/\/blog.marina-kraus.de\/index.php?rest_route=\/wp\/v2\/pages\/30\/revisions\/38"}],"wp:attachment":[{"href":"http:\/\/blog.marina-kraus.de\/index.php?rest_route=%2Fwp%2Fv2%2Fmedia&parent=30"}],"curies":[{"name":"wp","href":"https:\/\/api.w.org\/{rel}","templated":true}]}}