{"id":27,"date":"2014-01-27T17:20:43","date_gmt":"2014-01-27T17:20:43","guid":{"rendered":"http:\/\/blog.marina-kraus.de\/?page_id=27"},"modified":"2014-01-27T17:22:56","modified_gmt":"2014-01-27T17:22:56","slug":"impressum","status":"publish","type":"page","link":"http:\/\/blog.marina-kraus.de\/?page_id=27","title":{"rendered":"Impressum"},"content":{"rendered":"<p>Marina Kraus<br \/>\nK\u00f6tzer Weg 30<br \/>\n89312 G\u00fcnzburg<\/p>\n<p>E-Mail: blog_freiberuflerin(at)marina-kraus.de<\/p>\n<p>Haftungshinweis:<br \/>\nTrotz sorgf\u00e4ltiger inhaltlicher Kontrolle \u00fcbernehme ich keine Haftung f\u00fcr die Inhalte externer Links. F\u00fcr den Inhalt der verlinkten Seiten sind ausschlie\u00dflich deren Betreiber verantwortlich.<\/p>\n","protected":false},"excerpt":{"rendered":"<p>Marina Kraus K\u00f6tzer Weg 30 89312 G\u00fcnzburg E-Mail: blog_freiberuflerin(at)marina-kraus.de Haftungshinweis: Trotz sorgf\u00e4ltiger inhaltlicher Kontrolle \u00fcbernehme ich keine Haftung f\u00fcr die Inhalte externer Links. F\u00fcr den Inhalt der verlinkten Seiten sind ausschlie\u00dflich deren Betreiber verantwortlich.<\/p>\n","protected":false},"author":1,"featured_media":0,"parent":0,"menu_order":3,"comment_status":"open","ping_status":"open","template":"","meta":{"footnotes":""},"class_list":["post-27","page","type-page","status-publish","hentry"],"_links":{"self":[{"href":"http:\/\/blog.marina-kraus.de\/index.php?rest_route=\/wp\/v2\/pages\/27","targetHints":{"allow":["GET"]}}],"collection":[{"href":"http:\/\/blog.marina-kraus.de\/index.php?rest_route=\/wp\/v2\/pages"}],"about":[{"href":"http:\/\/blog.marina-kraus.de\/index.php?rest_route=\/wp\/v2\/types\/page"}],"author":[{"embeddable":true,"href":"http:\/\/blog.marina-kraus.de\/index.php?rest_route=\/wp\/v2\/users\/1"}],"replies":[{"embeddable":true,"href":"http:\/\/blog.marina-kraus.de\/index.php?rest_route=%2Fwp%2Fv2%2Fcomments&post=27"}],"version-history":[{"count":2,"href":"http:\/\/blog.marina-kraus.de\/index.php?rest_route=\/wp\/v2\/pages\/27\/revisions"}],"predecessor-version":[{"id":29,"href":"http:\/\/blog.marina-kraus.de\/index.php?rest_route=\/wp\/v2\/pages\/27\/revisions\/29"}],"wp:attachment":[{"href":"http:\/\/blog.marina-kraus.de\/index.php?rest_route=%2Fwp%2Fv2%2Fmedia&parent=27"}],"curies":[{"name":"wp","href":"https:\/\/api.w.org\/{rel}","templated":true}]}}